{"id":2,"date":"2026-01-13T19:25:16","date_gmt":"2026-01-13T18:25:16","guid":{"rendered":"https:\/\/lebourgeois-avocats.fr\/?page_id=2"},"modified":"2026-01-30T10:21:28","modified_gmt":"2026-01-30T09:21:28","slug":"pauline-lebourgeois","status":"publish","type":"page","link":"https:\/\/lebourgeois-avocats.fr\/","title":{"rendered":"Avocate sp\u00e9cialiste en droit du travail"},"content":{"rendered":"\n<div class=\"wp-block-group\"><div class=\"wp-block-group__inner-container is-layout-constrained wp-block-group-is-layout-constrained\">\n<div class=\"wp-block-columns is-layout-flex wp-container-core-columns-is-layout-9d6595d7 wp-block-columns-is-layout-flex\">\n<div class=\"wp-block-column is-vertically-aligned-top is-layout-flow wp-block-column-is-layout-flow\" style=\"flex-basis:50%\">\n<div class=\"wp-block-group\"><div class=\"wp-block-group__inner-container is-layout-constrained wp-block-group-is-layout-constrained\">\n<p><strong>Plus de 20 ans d\u2019expertise consacr\u00e9s au droit du travail et \u00e0 la protection sociale, au service exclusif des  salari\u00e9s et de leurs repr\u00e9sentants<\/strong><br>Une ma\u00eetrise fond\u00e9e sur une connaissance pr\u00e9cise des textes, de la jurisprudence et des pratiques d\u2019entreprise, permettant d\u2019\u00e9laborer des strat\u00e9gies efficaces et r\u00e9ellement adapt\u00e9es \u00e0 chaque situation.<br>Intervention sur l\u2019ensemble du territoire, avec des bureaux install\u00e9s \u00e0 Toulouse.<\/p>\n\n\n\n<h3 class=\"wp-block-heading\" id=\"plb\"><mark style=\"background-color:rgba(0, 0, 0, 0)\" class=\"has-inline-color has-bordeaux-fonce-color\">Cursus<\/mark><\/h3>\n\n\n\n<ul class=\"wp-block-list\">\n<li>DEA de droit social et syndical, Universit\u00e9 NANTERRE Paris X, Prof. A. LYON-CAEN, <strong>2000<\/strong><\/li>\n\n\n\n<li>Master de droit allemand du travail, Universit\u00e9 de M\u00dcNSTER en Allemagne, <strong>2000<\/strong><\/li>\n\n\n\n<li>Collaboration au sein des Cabinets sp\u00e9cialis\u00e9s GRUMBACH et Associ\u00e9s, BOUAZIZ et BENARAMA, Versailles et Paris, <strong>2001-2009<\/strong><\/li>\n\n\n\n<li>Certificat professionnel de sp\u00e9cialisation en droit du travail valid\u00e9 par un jury professionnel, <strong>Paris 2007<\/strong><\/li>\n\n\n\n<li><strong>Installation du Cabinet \u00e0 Toulouse, 2010<\/strong><\/li>\n\n\n\n<li>Formations suivies et dispens\u00e9es tout au long de l\u2019ann\u00e9e en droit du travail.<\/li>\n<\/ul>\n\n\n\n<h3 class=\"wp-block-heading\"><mark style=\"background-color:rgba(0, 0, 0, 0)\" class=\"has-inline-color has-bordeaux-fonce-color\">Approche<\/mark><\/h3>\n\n\n\n<p>Dans ma pratique, j\u2019ai \u00e0 c\u0153ur d\u2019\u00eatre \u00e0 l\u2019\u00e9coute de vos demandes, tout en vous rendant acteurs de votre d\u00e9fense.<br>Pour une d\u00e9fense authentique, circonstanci\u00e9e et en confiance.<\/p>\n\n\n\n<h3 class=\"wp-block-heading\"><mark style=\"background-color:rgba(0, 0, 0, 0)\" class=\"has-inline-color has-bordeaux-fonce-color\">Engagements professionnels<\/mark><\/h3>\n\n\n\n<p>\u00c9galement investie au sein du Syndicat des Avocats de France (SAF), je travaille en r\u00e9seau avec mes Confr\u00e8res sp\u00e9cialis\u00e9s autour des m\u00e9thodologies, probl\u00e9matiques actuelles ou en cours de pr\u00e9paration.<\/p>\n\n\n\n<p><strong><strong>Install\u00e9e \u00e0 Toulouse, j\u2019interviens devant toute juridiction<\/strong>, sur toute la France<\/strong> : Conseil de Prud\u2019hommes, Tribunal Judiciaire (P\u00f4le social ou civil), Tribunal correctionnel, Tribunal administratif, Commission arbitrale des Journalistes.<\/p>\n\n\n\n<div class=\"wp-block-group is-vertical is-layout-flex wp-container-core-group-is-layout-8cf370e7 wp-block-group-is-layout-flex\">\n<h3 class=\"wp-block-heading has-text-align-left\">Derni\u00e8res publications<\/h3>\n\n\n<ul class=\"wp-block-latest-posts__list has-dates wp-block-latest-posts\"><li><a class=\"wp-block-latest-posts__post-title\" href=\"https:\/\/lebourgeois-avocats.fr\/?p=7256\">Des menaces de mort au t\u00e9l\u00e9phone\u00a0: l\u2019enregistrement\u00a0est-il recevable ?<\/a><time datetime=\"2026-02-06T10:49:30+01:00\" class=\"wp-block-latest-posts__post-date\">6 f\u00e9vrier 2026<\/time><\/li>\n<li><a class=\"wp-block-latest-posts__post-title\" href=\"https:\/\/lebourgeois-avocats.fr\/?p=7110\">Les recommandations du m\u00e9decin du travail doivent \u00eatre appliqu\u00e9es sur tous les lieux de travail, Semaine Sociale LAMY, 29 septembre 2025, n\u00b02153<\/a><time datetime=\"2026-01-19T20:08:15+01:00\" class=\"wp-block-latest-posts__post-date\">19 janvier 2026<\/time><\/li>\n<li><a class=\"wp-block-latest-posts__post-title\" href=\"https:\/\/lebourgeois-avocats.fr\/?p=7049\">Risques graves et CSE\u00a0: ce que dit la loi, L\u2019Humanit\u00e9 7 octobre 2025<\/a><time datetime=\"2026-01-19T18:41:20+01:00\" class=\"wp-block-latest-posts__post-date\">19 janvier 2026<\/time><\/li>\n<\/ul><\/div>\n<\/div><\/div>\n<\/div>\n\n\n\n<div class=\"wp-block-column is-layout-flow wp-block-column-is-layout-flow\" style=\"flex-basis:50%\">\n<div class=\"wp-block-group\"><div class=\"wp-block-group__inner-container is-layout-constrained wp-block-group-is-layout-constrained\"><div class=\"wp-block-image is-style-default wp-duotone-unset-1\">\n<figure class=\"aligncenter size-full\"><img loading=\"lazy\" decoding=\"async\" width=\"1707\" height=\"2560\" src=\"https:\/\/lebourgeois-avocats.fr\/wp-content\/uploads\/2026\/01\/PaulinelebourgeoisetassocieesHR_36-scaled.jpg\" alt=\"\" class=\"wp-image-7020\" style=\"aspect-ratio:0.6669931439764937;object-fit:cover\" srcset=\"https:\/\/lebourgeois-avocats.fr\/wp-content\/uploads\/2026\/01\/PaulinelebourgeoisetassocieesHR_36-scaled.jpg 1707w, https:\/\/lebourgeois-avocats.fr\/wp-content\/uploads\/2026\/01\/PaulinelebourgeoisetassocieesHR_36-200x300.jpg 200w, https:\/\/lebourgeois-avocats.fr\/wp-content\/uploads\/2026\/01\/PaulinelebourgeoisetassocieesHR_36-683x1024.jpg 683w, https:\/\/lebourgeois-avocats.fr\/wp-content\/uploads\/2026\/01\/PaulinelebourgeoisetassocieesHR_36-768x1152.jpg 768w, https:\/\/lebourgeois-avocats.fr\/wp-content\/uploads\/2026\/01\/PaulinelebourgeoisetassocieesHR_36-1024x1536.jpg 1024w, https:\/\/lebourgeois-avocats.fr\/wp-content\/uploads\/2026\/01\/PaulinelebourgeoisetassocieesHR_36-1366x2048.jpg 1366w\" sizes=\"auto, (max-width: 1707px) 100vw, 1707px\" \/><\/figure>\n<\/div>\n\n\n<ul class=\"wp-block-social-links aligncenter has-visible-labels is-style-logos-only is-content-justification-space-between is-layout-flex wp-container-core-social-links-is-layout-3d213aab wp-block-social-links-is-layout-flex\"><li class=\"wp-social-link wp-social-link-linkedin  wp-block-social-link\"><a rel=\"noopener nofollow\" target=\"_blank\" href=\"https:\/\/www.linkedin.com\/in\/pauline-le-bourgeois-45bb45aa\/\" class=\"wp-block-social-link-anchor\"><svg width=\"24\" height=\"24\" viewBox=\"0 0 24 24\" version=\"1.1\" xmlns=\"http:\/\/www.w3.org\/2000\/svg\" aria-hidden=\"true\" focusable=\"false\"><path d=\"M19.7,3H4.3C3.582,3,3,3.582,3,4.3v15.4C3,20.418,3.582,21,4.3,21h15.4c0.718,0,1.3-0.582,1.3-1.3V4.3 C21,3.582,20.418,3,19.7,3z M8.339,18.338H5.667v-8.59h2.672V18.338z M7.004,8.574c-0.857,0-1.549-0.694-1.549-1.548 c0-0.855,0.691-1.548,1.549-1.548c0.854,0,1.547,0.694,1.547,1.548C8.551,7.881,7.858,8.574,7.004,8.574z M18.339,18.338h-2.669 v-4.177c0-0.996-0.017-2.278-1.387-2.278c-1.389,0-1.601,1.086-1.601,2.206v4.249h-2.667v-8.59h2.559v1.174h0.037 c0.356-0.675,1.227-1.387,2.526-1.387c2.703,0,3.203,1.779,3.203,4.092V18.338z\"><\/path><\/svg><span class=\"wp-block-social-link-label\">LinkedIn<\/span><\/a><\/li><\/ul>\n<\/div><\/div>\n<\/div>\n<\/div>\n<\/div><\/div>\n\n\n\n<div class=\"wp-block-group has-base-background-color has-background\"><div class=\"wp-block-group__inner-container is-layout-constrained wp-block-group-is-layout-constrained\">\n<h2 class=\"wp-block-heading has-bordeaux-fonce-color has-text-color has-link-color wp-elements-6014ca2555561962b818fd90e82b5438\" id=\"expertise\">Une expertise au service des salari\u00e9s, CSE et syndicats<\/h2>\n\n\n\n<h3 class=\"wp-block-heading\"><mark style=\"background-color:rgba(0, 0, 0, 0)\" class=\"has-inline-color has-bordeaux-fonce-color\">Conseil et d\u00e9fense<\/mark><\/h3>\n\n\n\n<p>Dans la cadre de ma mission de conseil, je privil\u00e9gie une approche amiable.<br>A d\u00e9faut de solution amiable, j\u2019assure votre d\u00e9fense devant toute juridiction comp\u00e9tente.<\/p>\n\n\n\n<div class=\"wp-block-columns is-layout-flex wp-container-core-columns-is-layout-9d6595d7 wp-block-columns-is-layout-flex\">\n<div class=\"wp-block-column is-layout-flow wp-block-column-is-layout-flow\">\n<h3 class=\"wp-block-heading has-bordeaux-fonce-color has-text-color has-link-color wp-elements-a686eaa5d331e9215a95fe9c5cdecb16\" id=\"toutsalarie\">Tout salari\u00e9<\/h3>\n\n\n\n<p>En 23 ans de pratique, j&rsquo;ai accompagn\u00e9 des salari\u00e9s de tous horizons professionnels, quelque soit leur statut et leur niveau de responsabilit\u00e9:<\/p>\n\n\n\n<ul class=\"wp-block-list\">\n<li>salari\u00e9s en poste ou licenci\u00e9s, d\u00e9tach\u00e9s, expatri\u00e9s, faux ind\u00e9pendants<\/li>\n\n\n\n<li>dans tous secteurs d&rsquo;activit\u00e9 (industrie a\u00e9ronautique, automobile, grande distribution, plateformes p\u00e9troli\u00e8res, sous-traitance informatique, enseignement, sant\u00e9, restauration, banque, assurance\u2026).<\/li>\n\n\n\n<li>tout type de probl\u00e9matique li\u00e9e \u00e0 l\u2019ex\u00e9cution et \u00e0 la rupture du contrat de travail&nbsp;:\n<ul class=\"wp-block-list\">\n<li>maintien dans l\u2019emploi des seniors,<\/li>\n\n\n\n<li>droit \u00e0 la sant\u00e9 et \u00e0 la s\u00e9curit\u00e9, pr\u00e9vention des risques psychosociaux, surcharge de travail,<\/li>\n\n\n\n<li>reconnaissance du v\u00e9ritable employeur,<\/li>\n\n\n\n<li>r\u00e9paration des harc\u00e8lements et discriminations,<\/li>\n\n\n\n<li>revalorisation de coefficient et rappels de salaire,<\/li>\n\n\n\n<li>rappels d\u2019heures suppl\u00e9mentaires, annulation de convention de forfait,<\/li>\n\n\n\n<li>reconnaissance de la qualit\u00e9 de lanceur d\u2019alerte, libert\u00e9 d\u2019expression, protection de la vie personnelle,<\/li>\n\n\n\n<li>acc\u00e8s aux donn\u00e9es personnelles, d\u00e9fense en cas d\u2019enqu\u00eate interne,<\/li>\n\n\n\n<li>proc\u00e9dure d\u2019inaptitude, r\u00e9siliation judiciaire contestation du licenciement,<\/li>\n\n\n\n<li>accident du travail, maladie professionnelle, invalidit\u00e9, faute inexcusable,<\/li>\n\n\n\n<li>travail dissimul\u00e9, d\u00e9lit de marchandage, pr\u00eat de main d\u2019\u0153uvre illicite.<\/li>\n<\/ul>\n<\/li>\n<\/ul>\n<\/div>\n\n\n\n<div class=\"wp-block-column is-layout-flow wp-block-column-is-layout-flow\">\n<h3 class=\"wp-block-heading has-bordeaux-fonce-color has-text-color has-link-color wp-elements-dd91d888fe019361add4ba6d79638ab7\" id=\"journalistepigiste\">Journalistes, pigistes<\/h3>\n\n\n\n<ul class=\"wp-block-list\">\n<li>action en reconnaissance de CDI (rappels de salaire, revalorisation du coefficient, indemnit\u00e9 de licenciement des journalistes),<\/li>\n\n\n\n<li>clause de cession, clause de conscience,<\/li>\n\n\n\n<li>saisine de la commission arbitrale des journalistes.<\/li>\n<\/ul>\n\n\n\n<h3 class=\"wp-block-heading has-bordeaux-fonce-color has-text-color has-link-color wp-elements-5c122b41411baa8bd2b83fcc491eb686\" id=\"intermittents\">Demandeurs d\u2019emploi, intermittents du spectacle<\/h3>\n\n\n\n<ul class=\"wp-block-list\">\n<li>Litiges \u00e0 l\u2019encontre de France Travail&nbsp;: contestation d\u2019indu et rappels d\u2019allocations, refus d\u2019ouverture de droits.<\/li>\n<\/ul>\n<\/div>\n<\/div>\n<\/div><\/div>\n\n\n\n<div class=\"wp-block-group\"><div class=\"wp-block-group__inner-container is-layout-constrained wp-block-group-is-layout-constrained\">\n<h2 class=\"wp-block-heading has-bordeaux-fonce-color has-text-color has-link-color wp-elements-3dc74af5676c9abf85abd24e642cee01\" id=\"cse\">CSE, syndicats, d\u00e9l\u00e9gu\u00e9s&nbsp;du personnel<\/h2>\n\n\n\n<p><strong>Une expertise reconnue en droit syndical et repr\u00e9sentation du personnel :<\/strong><\/p>\n\n\n\n<ul class=\"wp-block-list\">\n<li><strong>CSE&nbsp;<\/strong>: fonctionnement et attributions des \u00e9lus et RS, CSSCT, repr\u00e9sentants de proximit\u00e9, expertises,<\/li>\n\n\n\n<li><strong>Syndicats&nbsp;<\/strong>: N\u00e9gociation collective, ex\u00e9cution d\u2019un accord collectif, actions collectives, gr\u00e8ve, conseil des syndiqu\u00e9s, action propre devant le Tribunal Judiciaire,<\/li>\n\n\n\n<li><strong>Repr\u00e9sentants \u00e9lus et d\u00e9sign\u00e9s<\/strong>&nbsp;: discrimination, contestation d\u2019autorisation de licenciement. Action propre devant le Tribunal Judiciaire ou en intervention volontaire devant le CPH.<\/li>\n<\/ul>\n<\/div><\/div>\n\n\n\n<div class=\"wp-block-group has-base-background-color has-background\"><div class=\"wp-block-group__inner-container is-layout-constrained wp-block-group-is-layout-constrained\">\n<h2 class=\"wp-block-heading has-bordeaux-fonce-color has-text-color has-link-color wp-elements-65f391981490bf47e2d451e77531af9c\">Enseignement, formation, publications<\/h2>\n\n\n\n<p><strong>Une expertise nourrie par l\u2019enseignement et la publication \u00e0 destination des \u00e9tudiants et des<br>professionnels en exercice :<\/strong><\/p>\n\n\n\n<ul class=\"wp-block-list\">\n<li><strong>Universit\u00e9 de BORDEAUX<\/strong>, Institut du travail&nbsp;: formation des conseillers prud\u2019hommes, d\u00e9fenseurs syndicaux, repr\u00e9sentants du personnel,<\/li>\n\n\n\n<li><strong>Universit\u00e9 de TOULOUSE CAPITOLE (TSM)<\/strong>, Toulouse School of Management, Master 2&nbsp;: Ing\u00e9nieurs, Personnels de sant\u00e9 et d\u2019\u00e9ducation<\/li>\n\n\n\n<li><strong>Formations aux CSE et syndicats<\/strong> sur l\u2019actualit\u00e9 du droit et la mise en \u0153uvre pratique d\u2019outils et actions.<\/li>\n<\/ul>\n\n\n\n<p><strong>Dans un souci de vulgarisation du droit<\/strong>, je r\u00e9dige des articles pour la presse quotidienne mais aussi dans la presse sp\u00e9cialis\u00e9e&nbsp;:<\/p>\n\n\n\n<ul class=\"wp-block-list\">\n<li>Chronique Juridique de l\u2019HUMANITE<\/li>\n\n\n\n<li>Articles dans DROIT OUVRIER, REVUE DE DROIT DU TRAVAIL, SEMAINE SOCIALE LAMY<\/li>\n<\/ul>\n<\/div><\/div>\n\n\n\n<div class=\"wp-block-group\"><div class=\"wp-block-group__inner-container is-layout-constrained wp-block-group-is-layout-constrained\">\n<div class=\"wp-block-columns is-layout-flex wp-container-core-columns-is-layout-9d6595d7 wp-block-columns-is-layout-flex\">\n<div class=\"wp-block-column is-layout-flow wp-block-column-is-layout-flow\">\n<h2 class=\"wp-block-heading has-bordeaux-fonce-color has-text-color has-link-color wp-elements-848a9a8b34e0f578f88e40a1cdbee194\" id=\"honoraires\">Honoraires transparents et pr\u00e9visibles<\/h2>\n\n\n\n<p>Le 1<sup>er<\/sup> rendez-vous est factur\u00e9 75\u20ac TTC pour les non-cadres, 120\u20ac TTC pour les cadres.<\/p>\n\n\n\n<p>Conform\u00e9ment aux r\u00e8gles d\u00e9ontologiques de la profession, l\u2019honoraire est fix\u00e9 en fonction&nbsp;:<br>&#8211; de la difficult\u00e9 du dossier,<br>&#8211; du temps estim\u00e9,<br>&#8211; du type de proc\u00e9dure \u00e0 mettre en \u0153uvre,<br>&#8211; des gains et b\u00e9n\u00e9fices envisag\u00e9s,<br>&#8211; de votre situation personnelle.<\/p>\n\n\n\n<p>Les frais expos\u00e9s pour l\u2019affaire&nbsp;sont \u00e0 votre charge.<\/p>\n\n\n\n<p><strong>\u00c0 l\u2019issue du 1 er rendez-vous, dans un souci de transparence et de pr\u00e9visibilit\u00e9<\/strong>, je vous adresse un devis pr\u00e9sentant les diff\u00e9rentes \u00e9tapes du dossier. Une convention d\u2019honoraires est ensuite sign\u00e9e avec vous.<\/p>\n\n\n\n<p>L\u2019honoraire est compos\u00e9 d\u2019un honoraire fixe au regard des diligences effectu\u00e9es, auquel s\u2019ajoute un honoraire de r\u00e9sultat r\u00e9mun\u00e9rant les avantages et services rendus.<\/p>\n\n\n\n<p>L\u2019honoraire est payable en plusieurs versements.<\/p>\n\n\n\n<p>Tout ou partie de l\u2019honoraire peut \u00eatre pris en charge&nbsp;:<br>&#8211; par l\u2019assurance de protection juridique ou l\u2019aide juridictionnelle,<br>&#8211; en cas de succ\u00e8s, par la partie adverse que l\u2019on soit en phase amiable ou contentieuse.<br>&#8211; Pour les syndicats et les CSE des contrats d\u2019abonnement sont \u00e9tablis pour un forfait horaire.<\/p>\n\n\n\n<p>R\u00e8glement accept\u00e9 par ch\u00e8que, virement ou en esp\u00e8ces.<\/p>\n<\/div>\n\n\n\n<div class=\"wp-block-column is-layout-flow wp-block-column-is-layout-flow\"><div class=\"wp-block-image\">\n<figure class=\"alignright size-full\"><img loading=\"lazy\" decoding=\"async\" width=\"683\" height=\"683\" src=\"https:\/\/lebourgeois-avocats.fr\/wp-content\/uploads\/2026\/01\/toulouse-edited.png\" alt=\"\" class=\"wp-image-7212\" style=\"aspect-ratio:1;object-fit:cover\" srcset=\"https:\/\/lebourgeois-avocats.fr\/wp-content\/uploads\/2026\/01\/toulouse-edited.png 683w, https:\/\/lebourgeois-avocats.fr\/wp-content\/uploads\/2026\/01\/toulouse-edited-300x300.png 300w, https:\/\/lebourgeois-avocats.fr\/wp-content\/uploads\/2026\/01\/toulouse-edited-150x150.png 150w\" sizes=\"auto, (max-width: 683px) 100vw, 683px\" \/><\/figure>\n<\/div><\/div>\n<\/div>\n<\/div><\/div>\n\n\n\n<div class=\"wp-block-group has-base-background-color has-background\"><div class=\"wp-block-group__inner-container is-layout-constrained wp-block-group-is-layout-constrained\">\n<h2 class=\"wp-block-heading has-bordeaux-fonce-color has-text-color has-link-color wp-elements-2033cee27454944237e5464b2613f85b\" id=\"contact\">Localisation du cabinet<\/h2>\n\n\n\n<div class=\"wp-block-columns alignwide has-base-background-color has-background is-layout-flex wp-container-core-columns-is-layout-9d6595d7 wp-block-columns-is-layout-flex\">\n<div class=\"wp-block-column is-layout-flow wp-block-column-is-layout-flow\" style=\"flex-basis:50%\">\n<div class=\"wp-block-cover\"><img loading=\"lazy\" decoding=\"async\" width=\"1024\" height=\"683\" class=\"wp-block-cover__image-background wp-image-7019\" alt=\"\" src=\"https:\/\/lebourgeois-avocats.fr\/wp-content\/uploads\/2026\/01\/PaulinelebourgeoisetassocieesHR-1024x683.jpg\" data-object-fit=\"cover\" srcset=\"https:\/\/lebourgeois-avocats.fr\/wp-content\/uploads\/2026\/01\/PaulinelebourgeoisetassocieesHR-1024x683.jpg 1024w, https:\/\/lebourgeois-avocats.fr\/wp-content\/uploads\/2026\/01\/PaulinelebourgeoisetassocieesHR-300x200.jpg 300w, https:\/\/lebourgeois-avocats.fr\/wp-content\/uploads\/2026\/01\/PaulinelebourgeoisetassocieesHR-768x512.jpg 768w, https:\/\/lebourgeois-avocats.fr\/wp-content\/uploads\/2026\/01\/PaulinelebourgeoisetassocieesHR-1536x1024.jpg 1536w\" sizes=\"auto, (max-width: 1024px) 100vw, 1024px\" \/><span aria-hidden=\"true\" class=\"wp-block-cover__background has-background-dim\"><\/span><div class=\"wp-block-cover__inner-container is-layout-flow wp-block-cover-is-layout-flow\">\n<p class=\"has-text-align-center has-large-font-size\">Pauline LE BOURGEOIS<br>24, rue des Arts<br>31000 TOULOUSE<\/p>\n\n\n\n<p class=\"has-text-align-center has-large-font-size\">M\u00e9tro et Parking Esquirol ou Capitole<\/p>\n<\/div><\/div>\n\n\n\n<p><\/p>\n\n\n\n<p>Situ\u00e9e dans l\u2019hypercentre de Toulouse, entre la Place du Capitole et Esquirol, l\u2019\u00e9quipe vous accueille dans un lieu d\u2019\u00e9coute privil\u00e9gi\u00e9.<\/p>\n\n\n\n<p>Des rendez-vous \u00e0 distance, en visio, sont \u00e9galement possibles.<\/p>\n\n\n\n<p>Je parle couramment l\u2019allemand et l\u2019anglais.<\/p>\n<\/div>\n\n\n\n<div class=\"wp-block-column is-vertically-aligned-top is-layout-flow wp-block-column-is-layout-flow\" style=\"flex-basis:50%\">\n<iframe src=\"https:\/\/www.google.com\/maps\/embed?pb=!1m18!1m12!1m3!1d2889.2361010815594!2d1.4444268116672958!3d43.6016254556446!2m3!1f0!2f0!3f0!3m2!1i1024!2i768!4f13.1!3m3!1m2!1s0x12aebcb66bf930d1%3A0x5ec0ac3b3a246543!2sLe%20Bourgeois%20Pauline!5e0!3m2!1sfr!2sfr!4v1768846537239!5m2!1sfr!2sfr\" width=\"600\" height=\"450\" style=\"border:0;\" allowfullscreen=\"\" loading=\"lazy\" referrerpolicy=\"no-referrer-when-downgrade\"><\/iframe>\n<\/div>\n<\/div>\n<\/div><\/div>\n\n\n\n<div class=\"wp-block-columns is-layout-flex wp-container-core-columns-is-layout-9d6595d7 wp-block-columns-is-layout-flex\">\n<div class=\"wp-block-column is-layout-flow wp-block-column-is-layout-flow\">\n<h2 class=\"wp-block-heading has-bordeaux-fonce-color has-text-color has-link-color wp-elements-c3e4ce9187c556bce071d0274a5e4d2b\">L&rsquo;\u00e9quipe<\/h2>\n\n\n\n<ul class=\"wp-block-list\">\n<li><a href=\"https:\/\/lebourgeois-avocats.fr\/#plb\">Pauline LE BOURGEOIS<\/a>, Avocate<\/li>\n\n\n\n<li>Floriane DUMOULIN, Assistante juridique<\/li>\n<\/ul>\n<\/div>\n\n\n\n<div class=\"wp-block-column is-layout-flow wp-block-column-is-layout-flow\">\n<h2 class=\"wp-block-heading has-bordeaux-fonce-color has-text-color has-link-color wp-elements-5eeb42bacb6b4016f769910b05964526\">Prendre rendez-vous<\/h2>\n\n\n\n<ul class=\"wp-block-list\">\n<li>Par un appel au secr\u00e9tariat du lundi au mercredi midi&nbsp;: <a href=\"tel:0561330548\">05 61 33 05 48<\/a><\/li>\n\n\n\n<li>Par <a href=\"mailto:plb@lebourgeois-avocats.fr\" data-type=\"mailto\" data-id=\"mailto:plb@lebourgeois-avocats.fr\" target=\"_blank\" rel=\"noreferrer noopener\">email<\/a> &#8211; plb@lebourgeois-avocats.fr<\/li>\n\n\n\n<li>Par la <a href=\"https:\/\/consultation.avocat.fr\/blog\/pauline-le-bourgeois\/prendre-rendez-vous.php\" data-type=\"link\" data-id=\"https:\/\/consultation.avocat.fr\/blog\/pauline-le-bourgeois\/prendre-rendez-vous.php\" target=\"_blank\" rel=\"noreferrer noopener\">plateforme CNB<\/a><\/li>\n<\/ul>\n<\/div>\n<\/div>\n","protected":false},"excerpt":{"rendered":"<p>Plus de 20 ans d\u2019expertise consacr\u00e9s au droit du travail et \u00e0 la protection sociale, au service exclusif des salari\u00e9s et de leurs repr\u00e9sentantsUne ma\u00eetrise fond\u00e9e sur une connaissance pr\u00e9cise des textes, de la jurisprudence et des pratiques d\u2019entreprise, permettant d\u2019\u00e9laborer des strat\u00e9gies efficaces et r\u00e9ellement adapt\u00e9es \u00e0 chaque situation.Intervention sur l\u2019ensemble du territoire, avec &#8230; <a title=\"Avocate sp\u00e9cialiste en droit du travail\" class=\"read-more\" href=\"https:\/\/lebourgeois-avocats.fr\/\" aria-label=\"En savoir plus sur Avocate sp\u00e9cialiste en droit du travail\">Lire la suite<\/a><\/p>\n","protected":false},"author":1,"featured_media":0,"parent":0,"menu_order":0,"comment_status":"closed","ping_status":"closed","template":"","meta":{"footnotes":""},"class_list":["post-2","page","type-page","status-publish"],"_links":{"self":[{"href":"https:\/\/lebourgeois-avocats.fr\/index.php?rest_route=\/wp\/v2\/pages\/2","targetHints":{"allow":["GET"]}}],"collection":[{"href":"https:\/\/lebourgeois-avocats.fr\/index.php?rest_route=\/wp\/v2\/pages"}],"about":[{"href":"https:\/\/lebourgeois-avocats.fr\/index.php?rest_route=\/wp\/v2\/types\/page"}],"author":[{"embeddable":true,"href":"https:\/\/lebourgeois-avocats.fr\/index.php?rest_route=\/wp\/v2\/users\/1"}],"replies":[{"embeddable":true,"href":"https:\/\/lebourgeois-avocats.fr\/index.php?rest_route=%2Fwp%2Fv2%2Fcomments&post=2"}],"version-history":[{"count":86,"href":"https:\/\/lebourgeois-avocats.fr\/index.php?rest_route=\/wp\/v2\/pages\/2\/revisions"}],"predecessor-version":[{"id":7252,"href":"https:\/\/lebourgeois-avocats.fr\/index.php?rest_route=\/wp\/v2\/pages\/2\/revisions\/7252"}],"wp:attachment":[{"href":"https:\/\/lebourgeois-avocats.fr\/index.php?rest_route=%2Fwp%2Fv2%2Fmedia&parent=2"}],"curies":[{"name":"wp","href":"https:\/\/api.w.org\/{rel}","templated":true}]}}